{"id":7841,"date":"2022-04-19T11:58:48","date_gmt":"2022-04-19T09:58:48","guid":{"rendered":"https:\/\/www.karate-shop.hr\/trgovina\/uncategorized\/tatami-arawaza-0125-100x100x25cm\/"},"modified":"2023-06-25T13:30:14","modified_gmt":"2023-06-25T11:30:14","slug":"tatami-arawaza-0125-100x100-x25cm","status":"publish","type":"product","link":"https:\/\/www.karate-shop.hr\/en\/shop\/tatami\/tatami-arawaza-0125-100x100-x25cm\/","title":{"rendered":"Tatami Arawaza 0125 100&#215;100 x2,5cm"},"content":{"rendered":"<p><strong>Tatami Arawaza model 0125 &#8211; 100&#215;100 cm x2,5cm debljine<\/strong>, reverzibilni crveno-plavi.<\/p>\n<p><strong>Srednja tvrdo\u0107a i gusto\u0107a<\/strong> &#8211; pogodan za karate i ostale borila\u010dke sportove, fitness, jogu, ku\u0107nu upotrebu&#8230;<br \/>\n\u010cvrsti i precizni spojevi (ne odvaja se prilikom kori\u0161tenja), vrlo lagano spajanje puzzle zubaca.<br \/>\nVrhunska kvaliteta &#8211; minimalna varijacija (skupljanje i\/ili istezanje), ujedna\u010dena tvrdo\u0107a i boja cijele povr\u0161ine, visoka elasti\u010dnost.<br \/>\nBez kemijskog mirisa.<br \/>\nSa otisnutim Arawaza logotipom.<\/p>\n<p><strong>Dimenzije:<\/strong> 100cm x 100cm x 2,5cm<br \/>\n<strong>Gusto\u0107a:<\/strong> 100kg\/m2<br \/>\n<strong>Tvrdo\u0107a:<\/strong> 38-41 shore C<\/p>\n<p>Sa EN 71-1, EN 71-2, EN 71-3 certifikatom.<br \/>\nNa temelju analiti\u010dkog izvje\u0161\u0107a Centra za analizu namirnica PBF-a Arawaza tatami odgovara odredbama \u010dl. 60 Pravilnika o zdravstvenoj ispravnosti predmeta \u0161iroke potro\u0161nje (NN br. 125\/09).<\/p>\n","protected":false},"excerpt":{"rendered":"<p>Vrhunski Arawaza tatami debljine 2,5 cm, reverziblini crveno-plavi, precizni spojevi zubaca, visoka elasti\u010dnost, gusto\u0107a 100kg\/m2.<\/p>\n","protected":false},"featured_media":196,"template":"","meta":{"_acf_changed":false,"_et_pb_use_builder":"","_et_pb_old_content":"","_et_gb_content_width":""},"product_brand":[],"product_cat":[162],"product_tag":[],"class_list":{"0":"post-7841","1":"product","2":"type-product","3":"status-publish","4":"has-post-thumbnail","6":"product_cat-tatami","8":"first","9":"instock","10":"taxable","11":"shipping-taxable","12":"purchasable","13":"product-type-simple"},"acf":[],"_links":{"self":[{"href":"https:\/\/www.karate-shop.hr\/en\/wp-json\/wp\/v2\/product\/7841","targetHints":{"allow":["GET"]}}],"collection":[{"href":"https:\/\/www.karate-shop.hr\/en\/wp-json\/wp\/v2\/product"}],"about":[{"href":"https:\/\/www.karate-shop.hr\/en\/wp-json\/wp\/v2\/types\/product"}],"wp:featuredmedia":[{"embeddable":true,"href":"https:\/\/www.karate-shop.hr\/en\/wp-json\/wp\/v2\/media\/196"}],"wp:attachment":[{"href":"https:\/\/www.karate-shop.hr\/en\/wp-json\/wp\/v2\/media?parent=7841"}],"wp:term":[{"taxonomy":"product_brand","embeddable":true,"href":"https:\/\/www.karate-shop.hr\/en\/wp-json\/wp\/v2\/product_brand?post=7841"},{"taxonomy":"product_cat","embeddable":true,"href":"https:\/\/www.karate-shop.hr\/en\/wp-json\/wp\/v2\/product_cat?post=7841"},{"taxonomy":"product_tag","embeddable":true,"href":"https:\/\/www.karate-shop.hr\/en\/wp-json\/wp\/v2\/product_tag?post=7841"}],"curies":[{"name":"wp","href":"https:\/\/api.w.org\/{rel}","templated":true}]}}