{"id":1035,"date":"2022-04-19T12:07:10","date_gmt":"2022-04-19T10:07:10","guid":{"rendered":"https:\/\/shop.e-karate.eu\/trgovina\/Bez%20kategorije\/mac-bokken-40-crveni-hrast-japan-style-arawaza\/"},"modified":"2025-10-10T09:32:30","modified_gmt":"2025-10-10T07:32:30","slug":"mac-bokken-40-crveni-hrast-japan-style-arawaza","status":"publish","type":"product","link":"https:\/\/www.karate-shop.hr\/en\/shop\/oruzje\/macevi\/mac-bokken-40-crveni-hrast-japan-style-arawaza\/","title":{"rendered":"Ma\u010d Bokken 40&#8243; Crveni hrast Japan Style Arawaza"},"content":{"rendered":"<p>Ma\u010d Bokken<br \/>\nDu\u017eina: 102cm (40&#8243;)<br \/>\nCrveni hrast<br \/>\nJapan Style<\/p>\n<p><span class=\"tlid-translation translation\" tabindex=\"-1\"><span title=\"\">UPOZORENJE:<\/span><br \/>\n<span title=\"\">Kori\u0161tenje i zlouporaba oru\u017eja borila\u010dkih vje\u0161tina uklju\u010duje ozbiljne rizike, uklju\u010duju\u0107i ozljede, invalidnost i smrt.<\/span> <span title=\"\">Oru\u017eje se prodaje samo za obuku pod stru\u010dnim nadzorom, za demonstraciju ili izlaganje.<\/span> <span title=\"\">Pregledajte oru\u017eje prije svake upotrebe kako biste bili sigurni da je u ispravnom stanju: nemojte koristiti oru\u017eje za sparing ili kontakt.<\/span> <span title=\"\">Korisnik preuzima sve rizike od ozljede.<\/span><\/span><\/p>\n","protected":false},"excerpt":{"rendered":"<p>Ma\u010d Bokken, 102cm (40&#8243;), Crveni hrast, Japan Style<\/p>\n","protected":false},"featured_media":1033,"template":"","meta":{"_acf_changed":false,"_et_pb_use_builder":"","_et_pb_old_content":"","_et_gb_content_width":""},"product_brand":[],"product_cat":[63],"product_tag":[],"class_list":{"0":"post-1035","1":"product","2":"type-product","3":"status-publish","4":"has-post-thumbnail","6":"product_cat-macevi","8":"first","9":"instock","10":"taxable","11":"shipping-taxable","12":"purchasable","13":"product-type-simple"},"acf":[],"_links":{"self":[{"href":"https:\/\/www.karate-shop.hr\/en\/wp-json\/wp\/v2\/product\/1035","targetHints":{"allow":["GET"]}}],"collection":[{"href":"https:\/\/www.karate-shop.hr\/en\/wp-json\/wp\/v2\/product"}],"about":[{"href":"https:\/\/www.karate-shop.hr\/en\/wp-json\/wp\/v2\/types\/product"}],"wp:featuredmedia":[{"embeddable":true,"href":"https:\/\/www.karate-shop.hr\/en\/wp-json\/wp\/v2\/media\/1033"}],"wp:attachment":[{"href":"https:\/\/www.karate-shop.hr\/en\/wp-json\/wp\/v2\/media?parent=1035"}],"wp:term":[{"taxonomy":"product_brand","embeddable":true,"href":"https:\/\/www.karate-shop.hr\/en\/wp-json\/wp\/v2\/product_brand?post=1035"},{"taxonomy":"product_cat","embeddable":true,"href":"https:\/\/www.karate-shop.hr\/en\/wp-json\/wp\/v2\/product_cat?post=1035"},{"taxonomy":"product_tag","embeddable":true,"href":"https:\/\/www.karate-shop.hr\/en\/wp-json\/wp\/v2\/product_tag?post=1035"}],"curies":[{"name":"wp","href":"https:\/\/api.w.org\/{rel}","templated":true}]}}