{"id":1902,"date":"2022-05-08T08:26:12","date_gmt":"2022-05-08T06:26:12","guid":{"rendered":"https:\/\/shop.e-karate.eu\/?page_id=1902"},"modified":"2022-05-08T11:12:12","modified_gmt":"2022-05-08T09:12:12","slug":"terms-of-use","status":"publish","type":"page","link":"https:\/\/www.karate-shop.hr\/en\/terms-of-use\/","title":{"rendered":"Terms of use"},"content":{"rendered":"\n<p>These terms of use define ordering of products, payment methods, shipping methods and return of goods offered on our website. Vendor is <strong>Zajedni\u010dki trgova\u010dki obrt KARATE SHOP, vl. Dejan Sluki\u0107 (OIB: 42237990689) i Mladen Vizinger (OIB: 80152775997), Nedeli\u0161\u0107e, J.\u0160.Slavenskog 24B, thereafter &#8220;Karate Shop&#8221;.<\/strong> Buyer is webshop visitor who adds at least one product to the cart,&nbsp;send an orer to the seller and pay for it using credit card, e-banking or direct bank transfer method.<br>Buyer can buy any product on Vendor&#8217;s webshop on address www.karate-shop.hr.<br>All prices on our webshop include VAT (PDV).<br>Payment currency is Croatian kuna (kn).<br>All prices in our webshop are valid for online shopping only.<\/p>\n\n\n\n<p><strong>SHOP INFORMATION<\/strong><\/p>\n\n\n\n<p><strong>Zajedni\u010dki trgova\u010dki obrt KARATE SHOP<\/strong>, vl. Dejan Sluki\u0107 (OIB: 42237990689) i Mladen Vizinger (OIB: 80152775997), Nedeli\u0161\u0107e, J.\u0160.Slavenskog 24B.<\/p>\n\n\n\n<p><strong>Rje\u0161enje o upisu u Obrtni registar:<\/strong> Ured dr\u017eavne uprave u Me\u0111imurskoj \u017eupaniji Klasa: UP\/I 330-04\/11-01\/03<br><strong>Oznaka Obrtnice:<\/strong> 20010004348<br><strong>ID number:<\/strong> 97210226<br><strong>Bank account:<\/strong> 2340009-1166040645 kod PRIVREDNE BANKE ZAGREB d.d.<\/p>\n\n\n\n<p><strong>Telephone:<\/strong> ++385 (0)40\/823-007 ; ++385 (0)91\/585-0367 ; ++385 (0)91\/524-3580<br><strong>Email address:<\/strong> <strong><a href=\"mailto:info@karate-shop.hr\">info@karate-shop.hr<\/a><\/strong><\/p>\n\n\n\n<p>You can buy our products (retail and wholesale) at our partner:<strong><br>AK SLUKI\u0106 d.o.o.<\/strong><strong><br>Address :<\/strong> \u010cakove\u010dka 15<br>40305 Nedeli\u0161\u0107e<br><strong>Tel<\/strong>: ++385 (0)40\/823-007 ; ++385 (0)91\/524-3580<br><strong>Fax<\/strong>: ++385 (0)40\/823-008<\/p>\n\n\n\n<p><strong>ORDERING<\/strong><br>All products can be ordered by adding to the cart and orders are irrevocable. If <strong>Karate Shop<\/strong> is not able to deliver all ordered products, it will deliver only available products and inform buyer about delivery deadline for currently unavailable products using email or phone.<\/p>\n\n\n\n<p><strong>DELIVERY<\/strong><br>Delivery terms<br>Ordered goods will be delivered to the entrance of the house or building. If delivery address is in building, the deliverer is not obliged to carry goods to the floor on which the buyer is located but to the entrance to the building.<br><br>Delivery time is 3 working days (for Croatia) and up to 15 days (for other countries in EU) after cleared payment. Package status you can track in&nbsp; &#8220;<a href=\"https:\/\/www.karate-shop.hr\/en\/user-account.html\" target=\"_blank\" rel=\"noreferrer noopener\">User account<\/a>&#8221; section.<\/p>\n\n\n\n<p><strong>PRIVACY POLICY<br><\/strong>The information or personal details that you provide us with will be processed regarding our Privacy Policy. By using this website you are consenting to the processing of such information and details and you represent that the whole information or details you have provided us with are true and accurate. Karate Shop is committed to providing personal data protection, by collecting only the essential, basic information about the buyers \/ customers required to fulfill our business obligations; informing buyers of how they use the data they collect, allowing customers the choice of using their data, including the ability to decide whether or not to remove their name from the lists used for marketing campaigns. All customer information is strictly kept and only accessible to employees who are required to do this. All Karate Shop employees and business partners are responsible for compliance with our Privacy Policy.<\/p>\n\n\n\n<p><strong>COMPLAINTS<\/strong><\/p>\n\n\n\n<p>In case you are unhappy with the item for any reason, you can replace it for something else or return it in return for money within 8 days of receiving the item<br>To achieve this right, the undamaged product must be sent in the original package with all the equipment and documentation with which the product was originally shipped.<\/p>\n\n\n\n<p>In the event that the shipment is damaged in the transport, such damages are visible when the shipment is taken, and in that case please do not download the shipment.<br>Please contact us in order to check the status of the item as soon as possible and send a new one.<\/p>\n\n\n\n<p>If you find, on first use, that the item you received is defective, please contact us in order to make the replacement for the correct item as soon as possible.<br>Customer complaints can be made by phone 040 \/ 823-007 or via mail <a href=\"mailto:info@karate-shop.hr.\"><\/a><a href=\"mailto:info@karate-shop.hr\">info@karate-shop.hr<\/a>. The buyer should know the order number, account number or your user name when reporting, so that we can enter the order line.<\/p>\n\n\n\n<p><strong>WARNING<\/strong><br>The use and misuse of items sold through the online store of the Karate Shop, catalog or in some other way involves a serious risk of injury, disability or even death. Customers, users and everyone who uses these items are aware of the risk of injury. Karate Shop can not and will not be liable for the misuse and improper use of products sold through the webshop, our catalog or otherwise.<\/p>\n","protected":false},"excerpt":{"rendered":"<p>These terms of use define ordering of products, payment methods, shipping methods and return of goods offered on our website. Vendor is Zajedni\u010dki trgova\u010dki obrt KARATE SHOP, vl. Dejan Sluki\u0107 (OIB: 42237990689) i Mladen Vizinger (OIB: 80152775997), Nedeli\u0161\u0107e, J.\u0160.Slavenskog 24B, thereafter &#8220;Karate Shop&#8221;. Buyer is webshop visitor who adds at least one product to the [&hellip;]<\/p>\n","protected":false},"author":1,"featured_media":0,"parent":0,"menu_order":0,"comment_status":"closed","ping_status":"closed","template":"page-template-fullwidth.php","meta":{"_acf_changed":false,"_et_pb_use_builder":"off","_et_pb_old_content":"","_et_gb_content_width":"1280","footnotes":""},"class_list":["post-1902","page","type-page","status-publish","hentry"],"acf":[],"_links":{"self":[{"href":"https:\/\/www.karate-shop.hr\/en\/wp-json\/wp\/v2\/pages\/1902","targetHints":{"allow":["GET"]}}],"collection":[{"href":"https:\/\/www.karate-shop.hr\/en\/wp-json\/wp\/v2\/pages"}],"about":[{"href":"https:\/\/www.karate-shop.hr\/en\/wp-json\/wp\/v2\/types\/page"}],"author":[{"embeddable":true,"href":"https:\/\/www.karate-shop.hr\/en\/wp-json\/wp\/v2\/users\/1"}],"replies":[{"embeddable":true,"href":"https:\/\/www.karate-shop.hr\/en\/wp-json\/wp\/v2\/comments?post=1902"}],"version-history":[{"count":2,"href":"https:\/\/www.karate-shop.hr\/en\/wp-json\/wp\/v2\/pages\/1902\/revisions"}],"predecessor-version":[{"id":1904,"href":"https:\/\/www.karate-shop.hr\/en\/wp-json\/wp\/v2\/pages\/1902\/revisions\/1904"}],"wp:attachment":[{"href":"https:\/\/www.karate-shop.hr\/en\/wp-json\/wp\/v2\/media?parent=1902"}],"curies":[{"name":"wp","href":"https:\/\/api.w.org\/{rel}","templated":true}]}}